{"id":4,"date":"2020-01-30T10:01:41","date_gmt":"2020-01-30T10:01:41","guid":{"rendered":"http:\/\/buero-bongartz.de\/?page_id=4"},"modified":"2024-04-30T13:45:44","modified_gmt":"2024-04-30T13:45:44","slug":"dipl-ing-steffi-bongartz","status":"publish","type":"page","link":"https:\/\/buero-bongartz.de\/","title":{"rendered":"Dipl.Ing. Steffi Bongartz"},"content":{"rendered":"\t\t<div data-elementor-type=\"wp-page\" data-elementor-id=\"4\" class=\"elementor elementor-4\">\n\t\t\t\t\t\t<section class=\"elementor-section elementor-top-section elementor-element elementor-element-cb346fe elementor-section-height-min-height elementor-section-content-middle elementor-section-boxed elementor-section-height-default elementor-section-items-middle\" data-id=\"cb346fe\" data-element_type=\"section\" data-settings=\"{&quot;background_background&quot;:&quot;classic&quot;}\">\n\t\t\t\t\t\t<div class=\"elementor-container elementor-column-gap-default\">\n\t\t\t\t\t<div class=\"elementor-column elementor-col-100 elementor-top-column elementor-element elementor-element-a5ac3cd\" data-id=\"a5ac3cd\" data-element_type=\"column\">\n\t\t\t<div class=\"elementor-widget-wrap elementor-element-populated\">\n\t\t\t\t\t\t<div class=\"elementor-element elementor-element-305a66e elementor-widget elementor-widget-heading\" data-id=\"305a66e\" data-element_type=\"widget\" data-widget_type=\"heading.default\">\n\t\t\t\t<div class=\"elementor-widget-container\">\n\t\t\t\t\t<h2 class=\"elementor-heading-title elementor-size-default\">Die Seite des Architekturb\u00fcros  \n\"Dipl.-Ing. Steffi Bongartz, Individuelle Planungen\" \nbefindet sich im Aufbau.<\/h2>\t\t\t\t<\/div>\n\t\t\t\t<\/div>\n\t\t\t\t<div class=\"elementor-element elementor-element-a040519 elementor-widget elementor-widget-image\" data-id=\"a040519\" data-element_type=\"widget\" data-widget_type=\"image.default\">\n\t\t\t\t<div class=\"elementor-widget-container\">\n\t\t\t\t\t\t\t\t\t\t\t\t\t\t\t\t<a href=\"mailto:info@buero-bongartz.de\">\n\t\t\t\t\t\t\t<img fetchpriority=\"high\" decoding=\"async\" width=\"525\" height=\"407\" src=\"https:\/\/buero-bongartz.de\/wp-content\/uploads\/2024\/04\/steffi-bongartz-architektur2-1024x793.jpg\" class=\"attachment-large size-large wp-image-45\" alt=\"\" srcset=\"https:\/\/buero-bongartz.de\/wp-content\/uploads\/2024\/04\/steffi-bongartz-architektur2-1024x793.jpg 1024w, https:\/\/buero-bongartz.de\/wp-content\/uploads\/2024\/04\/steffi-bongartz-architektur2-300x232.jpg 300w, https:\/\/buero-bongartz.de\/wp-content\/uploads\/2024\/04\/steffi-bongartz-architektur2-768x595.jpg 768w, https:\/\/buero-bongartz.de\/wp-content\/uploads\/2024\/04\/steffi-bongartz-architektur2-1536x1189.jpg 1536w, https:\/\/buero-bongartz.de\/wp-content\/uploads\/2024\/04\/steffi-bongartz-architektur2.jpg 2032w\" sizes=\"100vw\" \/>\t\t\t\t\t\t\t\t<\/a>\n\t\t\t\t\t\t\t\t\t\t\t\t\t\t\t<\/div>\n\t\t\t\t<\/div>\n\t\t\t\t\t<\/div>\n\t\t<\/div>\n\t\t\t\t\t<\/div>\n\t\t<\/section>\n\t\t\t\t<\/div>\n\t\t","protected":false},"excerpt":{"rendered":"<p>Die Seite des Architekturb\u00fcros &#8222;Dipl.-Ing. Steffi Bongartz, Individuelle Planungen&#8220; befindet sich im Aufbau.<\/p>\n","protected":false},"author":1,"featured_media":0,"parent":0,"menu_order":0,"comment_status":"closed","ping_status":"closed","template":"elementor_canvas","meta":{"footnotes":""},"class_list":["post-4","page","type-page","status-publish","hentry"],"yoast_head":"<!-- This site is optimized with the Yoast SEO plugin v25.1 - https:\/\/yoast.com\/wordpress\/plugins\/seo\/ -->\n<title>Dipl.Ing. Steffi Bongartz | B\u00fcro f\u00fcr Architektur und individuelle Planungen<\/title>\n<meta name=\"robots\" content=\"index, follow, max-snippet:-1, max-image-preview:large, max-video-preview:-1\" \/>\n<link rel=\"canonical\" href=\"https:\/\/buero-bongartz.de\/\" \/>\n<meta property=\"og:locale\" content=\"de_DE\" \/>\n<meta property=\"og:type\" content=\"article\" \/>\n<meta property=\"og:title\" content=\"Dipl.Ing. Steffi Bongartz | B\u00fcro f\u00fcr Architektur und individuelle Planungen\" \/>\n<meta property=\"og:description\" content=\"Die Seite des Architekturb\u00fcros &#8222;Dipl.-Ing. Steffi Bongartz, Individuelle Planungen&#8220; befindet sich im Aufbau.\" \/>\n<meta property=\"og:url\" content=\"https:\/\/buero-bongartz.de\/\" \/>\n<meta property=\"og:site_name\" content=\"Dipl-Ing. Steffi Bongartz\" \/>\n<meta property=\"article:modified_time\" content=\"2024-04-30T13:45:44+00:00\" \/>\n<meta property=\"og:image\" content=\"https:\/\/buero-bongartz.de\/wp-content\/uploads\/2024\/04\/steffi-bongartz-architektur2-1024x793.jpg\" \/>\n<meta name=\"twitter:card\" content=\"summary_large_image\" \/>\n<meta name=\"twitter:label1\" content=\"Gesch\u00e4tzte Lesezeit\" \/>\n\t<meta name=\"twitter:data1\" content=\"1\u00a0Minute\" \/>\n<script type=\"application\/ld+json\" class=\"yoast-schema-graph\">{\"@context\":\"https:\/\/schema.org\",\"@graph\":[{\"@type\":\"WebPage\",\"@id\":\"https:\/\/buero-bongartz.de\/\",\"url\":\"https:\/\/buero-bongartz.de\/\",\"name\":\"Dipl.Ing. Steffi Bongartz | B\u00fcro f\u00fcr Architektur und individuelle Planungen\",\"isPartOf\":{\"@id\":\"https:\/\/buero-bongartz.de\/#website\"},\"primaryImageOfPage\":{\"@id\":\"https:\/\/buero-bongartz.de\/#primaryimage\"},\"image\":{\"@id\":\"https:\/\/buero-bongartz.de\/#primaryimage\"},\"thumbnailUrl\":\"https:\/\/buero-bongartz.de\/wp-content\/uploads\/2024\/04\/steffi-bongartz-architektur2-1024x793.jpg\",\"datePublished\":\"2020-01-30T10:01:41+00:00\",\"dateModified\":\"2024-04-30T13:45:44+00:00\",\"breadcrumb\":{\"@id\":\"https:\/\/buero-bongartz.de\/#breadcrumb\"},\"inLanguage\":\"de\",\"potentialAction\":[{\"@type\":\"ReadAction\",\"target\":[\"https:\/\/buero-bongartz.de\/\"]}]},{\"@type\":\"ImageObject\",\"inLanguage\":\"de\",\"@id\":\"https:\/\/buero-bongartz.de\/#primaryimage\",\"url\":\"https:\/\/buero-bongartz.de\/wp-content\/uploads\/2024\/04\/steffi-bongartz-architektur2.jpg\",\"contentUrl\":\"https:\/\/buero-bongartz.de\/wp-content\/uploads\/2024\/04\/steffi-bongartz-architektur2.jpg\",\"width\":2032,\"height\":1573},{\"@type\":\"BreadcrumbList\",\"@id\":\"https:\/\/buero-bongartz.de\/#breadcrumb\",\"itemListElement\":[{\"@type\":\"ListItem\",\"position\":1,\"name\":\"Startseite\",\"item\":\"https:\/\/buero-bongartz.de\/\"},{\"@type\":\"ListItem\",\"position\":2,\"name\":\"Dipl.Ing. Steffi Bongartz\"}]},{\"@type\":\"WebSite\",\"@id\":\"https:\/\/buero-bongartz.de\/#website\",\"url\":\"https:\/\/buero-bongartz.de\/\",\"name\":\"Dipl-Ing. Steffi Bongartz\",\"description\":\"Individuelle Planungen\",\"potentialAction\":[{\"@type\":\"SearchAction\",\"target\":{\"@type\":\"EntryPoint\",\"urlTemplate\":\"https:\/\/buero-bongartz.de\/?s={search_term_string}\"},\"query-input\":{\"@type\":\"PropertyValueSpecification\",\"valueRequired\":true,\"valueName\":\"search_term_string\"}}],\"inLanguage\":\"de\"}]}<\/script>\n<!-- \/ Yoast SEO plugin. -->","yoast_head_json":{"title":"Dipl.Ing. Steffi Bongartz | B\u00fcro f\u00fcr Architektur und individuelle Planungen","robots":{"index":"index","follow":"follow","max-snippet":"max-snippet:-1","max-image-preview":"max-image-preview:large","max-video-preview":"max-video-preview:-1"},"canonical":"https:\/\/buero-bongartz.de\/","og_locale":"de_DE","og_type":"article","og_title":"Dipl.Ing. Steffi Bongartz | B\u00fcro f\u00fcr Architektur und individuelle Planungen","og_description":"Die Seite des Architekturb\u00fcros &#8222;Dipl.-Ing. Steffi Bongartz, Individuelle Planungen&#8220; befindet sich im Aufbau.","og_url":"https:\/\/buero-bongartz.de\/","og_site_name":"Dipl-Ing. Steffi Bongartz","article_modified_time":"2024-04-30T13:45:44+00:00","og_image":[{"url":"https:\/\/buero-bongartz.de\/wp-content\/uploads\/2024\/04\/steffi-bongartz-architektur2-1024x793.jpg","type":"","width":"","height":""}],"twitter_card":"summary_large_image","twitter_misc":{"Gesch\u00e4tzte Lesezeit":"1\u00a0Minute"},"schema":{"@context":"https:\/\/schema.org","@graph":[{"@type":"WebPage","@id":"https:\/\/buero-bongartz.de\/","url":"https:\/\/buero-bongartz.de\/","name":"Dipl.Ing. Steffi Bongartz | B\u00fcro f\u00fcr Architektur und individuelle Planungen","isPartOf":{"@id":"https:\/\/buero-bongartz.de\/#website"},"primaryImageOfPage":{"@id":"https:\/\/buero-bongartz.de\/#primaryimage"},"image":{"@id":"https:\/\/buero-bongartz.de\/#primaryimage"},"thumbnailUrl":"https:\/\/buero-bongartz.de\/wp-content\/uploads\/2024\/04\/steffi-bongartz-architektur2-1024x793.jpg","datePublished":"2020-01-30T10:01:41+00:00","dateModified":"2024-04-30T13:45:44+00:00","breadcrumb":{"@id":"https:\/\/buero-bongartz.de\/#breadcrumb"},"inLanguage":"de","potentialAction":[{"@type":"ReadAction","target":["https:\/\/buero-bongartz.de\/"]}]},{"@type":"ImageObject","inLanguage":"de","@id":"https:\/\/buero-bongartz.de\/#primaryimage","url":"https:\/\/buero-bongartz.de\/wp-content\/uploads\/2024\/04\/steffi-bongartz-architektur2.jpg","contentUrl":"https:\/\/buero-bongartz.de\/wp-content\/uploads\/2024\/04\/steffi-bongartz-architektur2.jpg","width":2032,"height":1573},{"@type":"BreadcrumbList","@id":"https:\/\/buero-bongartz.de\/#breadcrumb","itemListElement":[{"@type":"ListItem","position":1,"name":"Startseite","item":"https:\/\/buero-bongartz.de\/"},{"@type":"ListItem","position":2,"name":"Dipl.Ing. Steffi Bongartz"}]},{"@type":"WebSite","@id":"https:\/\/buero-bongartz.de\/#website","url":"https:\/\/buero-bongartz.de\/","name":"Dipl-Ing. Steffi Bongartz","description":"Individuelle Planungen","potentialAction":[{"@type":"SearchAction","target":{"@type":"EntryPoint","urlTemplate":"https:\/\/buero-bongartz.de\/?s={search_term_string}"},"query-input":{"@type":"PropertyValueSpecification","valueRequired":true,"valueName":"search_term_string"}}],"inLanguage":"de"}]}},"_links":{"self":[{"href":"https:\/\/buero-bongartz.de\/index.php?rest_route=\/wp\/v2\/pages\/4","targetHints":{"allow":["GET"]}}],"collection":[{"href":"https:\/\/buero-bongartz.de\/index.php?rest_route=\/wp\/v2\/pages"}],"about":[{"href":"https:\/\/buero-bongartz.de\/index.php?rest_route=\/wp\/v2\/types\/page"}],"author":[{"embeddable":true,"href":"https:\/\/buero-bongartz.de\/index.php?rest_route=\/wp\/v2\/users\/1"}],"replies":[{"embeddable":true,"href":"https:\/\/buero-bongartz.de\/index.php?rest_route=%2Fwp%2Fv2%2Fcomments&post=4"}],"version-history":[{"count":24,"href":"https:\/\/buero-bongartz.de\/index.php?rest_route=\/wp\/v2\/pages\/4\/revisions"}],"predecessor-version":[{"id":48,"href":"https:\/\/buero-bongartz.de\/index.php?rest_route=\/wp\/v2\/pages\/4\/revisions\/48"}],"wp:attachment":[{"href":"https:\/\/buero-bongartz.de\/index.php?rest_route=%2Fwp%2Fv2%2Fmedia&parent=4"}],"curies":[{"name":"wp","href":"https:\/\/api.w.org\/{rel}","templated":true}]}}